{"id":15,"date":"2016-08-04T14:40:11","date_gmt":"2016-08-04T12:40:11","guid":{"rendered":"https:\/\/www.2dogs1hat.de\/band\/?page_id=15"},"modified":"2022-08-23T21:31:05","modified_gmt":"2022-08-23T19:31:05","slug":"videos","status":"publish","type":"page","link":"https:\/\/www.2dogs1hat.de\/band\/videos\/","title":{"rendered":"Videos"},"content":{"rendered":"<p><p><!-- wp:image {\"align\":\"center\",\"id\":740,\"sizeSlug\":\"large\",\"linkDestination\":\"custom\"} --><\/p>\n<figure class=\"wp-block-image aligncenter size-large\"><a href=\"https:\/\/www.youtube.com\/watch?v=4Ie3ZE6x_Kw&amp;list=PLdfg9tDBb1bL1NoyOVVVQsSBmloykTFHl\" target=\"_blank\" rel=\"noreferrer noopener\"><img loading=\"lazy\" decoding=\"async\" width=\"1000\" height=\"563\" src=\"https:\/\/www.2dogs1hat.de\/band\/wp-content\/uploads\/sites\/3\/2023-03-01-yt-2d1h-still-standing-1000x563.jpg\" alt=\"2d1h-still-standing\" class=\"wp-image-740\" srcset=\"https:\/\/www.2dogs1hat.de\/band\/wp-content\/uploads\/sites\/3\/2023-03-01-yt-2d1h-still-standing-1000x563.jpg 1000w, https:\/\/www.2dogs1hat.de\/band\/wp-content\/uploads\/sites\/3\/2023-03-01-yt-2d1h-still-standing-300x169.jpg 300w, https:\/\/www.2dogs1hat.de\/band\/wp-content\/uploads\/sites\/3\/2023-03-01-yt-2d1h-still-standing-768x432.jpg 768w, https:\/\/www.2dogs1hat.de\/band\/wp-content\/uploads\/sites\/3\/2023-03-01-yt-2d1h-still-standing.jpg 1280w\" sizes=\"auto, (max-width: 767px) 89vw, (max-width: 1000px) 54vw, (max-width: 1071px) 543px, 580px\" \/><\/a><\/figure>\n<p><!-- \/wp:image --><\/p>\n<p><!-- wp:image {\"align\":\"center\",\"id\":741,\"sizeSlug\":\"large\",\"linkDestination\":\"custom\"} --><\/p>\n<figure class=\"wp-block-image aligncenter size-large\"><a href=\"https:\/\/www.youtube.com\/watch?v=hyUU5nryLX4&amp;list=PLdfg9tDBb1bL1NoyOVVVQsSBmloykTFHl\" target=\"_blank\" rel=\"noreferrer noopener\"><img loading=\"lazy\" decoding=\"async\" width=\"1000\" height=\"563\" src=\"https:\/\/www.2dogs1hat.de\/band\/wp-content\/uploads\/sites\/3\/2023-03-01-yt-2d1h-oh-jonny-1000x563.jpg\" alt=\"2d1h-oh-jonny\" class=\"wp-image-741\" srcset=\"https:\/\/www.2dogs1hat.de\/band\/wp-content\/uploads\/sites\/3\/2023-03-01-yt-2d1h-oh-jonny-1000x563.jpg 1000w, https:\/\/www.2dogs1hat.de\/band\/wp-content\/uploads\/sites\/3\/2023-03-01-yt-2d1h-oh-jonny-300x169.jpg 300w, https:\/\/www.2dogs1hat.de\/band\/wp-content\/uploads\/sites\/3\/2023-03-01-yt-2d1h-oh-jonny-768x432.jpg 768w, https:\/\/www.2dogs1hat.de\/band\/wp-content\/uploads\/sites\/3\/2023-03-01-yt-2d1h-oh-jonny.jpg 1280w\" sizes=\"auto, (max-width: 767px) 89vw, (max-width: 1000px) 54vw, (max-width: 1071px) 543px, 580px\" \/><\/a><\/figure>\n<p><!-- \/wp:image --><\/p>\n<p><!-- wp:image {\"align\":\"center\",\"id\":742,\"sizeSlug\":\"large\",\"linkDestination\":\"custom\"} --><\/p>\n<figure class=\"wp-block-image aligncenter size-large\"><a href=\"https:\/\/www.youtube.com\/watch?v=7r4qbhxKI2o&amp;list=PLdfg9tDBb1bL1NoyOVVVQsSBmloykTFHl\" target=\"_blank\" rel=\"noreferrer noopener\"><img loading=\"lazy\" decoding=\"async\" width=\"1000\" height=\"563\" src=\"https:\/\/www.2dogs1hat.de\/band\/wp-content\/uploads\/sites\/3\/2023-03-01-yt-2d1h-kompliment-1000x563.jpg\" alt=\"2d1h-kompliment\" class=\"wp-image-742\" srcset=\"https:\/\/www.2dogs1hat.de\/band\/wp-content\/uploads\/sites\/3\/2023-03-01-yt-2d1h-kompliment-1000x563.jpg 1000w, https:\/\/www.2dogs1hat.de\/band\/wp-content\/uploads\/sites\/3\/2023-03-01-yt-2d1h-kompliment-300x169.jpg 300w, https:\/\/www.2dogs1hat.de\/band\/wp-content\/uploads\/sites\/3\/2023-03-01-yt-2d1h-kompliment-768x432.jpg 768w, https:\/\/www.2dogs1hat.de\/band\/wp-content\/uploads\/sites\/3\/2023-03-01-yt-2d1h-kompliment.jpg 1280w\" sizes=\"auto, (max-width: 767px) 89vw, (max-width: 1000px) 54vw, (max-width: 1071px) 543px, 580px\" \/><\/a><\/figure>\n<p><!-- \/wp:image --><\/p>\n<br \/>\n<p><!-- wp:heading {\"textAlign\":\"center\",\"level\":1,\"align\":\"center\"} --><\/p>\n<h1 class=\"has-text-align-center\"><a href=\"https:\/\/www.2dogs1hat.de\/band\/erstes-live-stream-konzert\/\">Erstes Live Stream Konzert<\/a><\/h1>\n<p><!-- \/wp:heading --><\/p>\n<p><!-- wp:image {\"align\":\"center\",\"id\":731,\"sizeSlug\":\"large\",\"linkDestination\":\"custom\"} --><\/p>\n<figure class=\"wp-block-image aligncenter size-large\"><a href=\"https:\/\/www.youtube.com\/watch?v=KhwC4JnxXPs\" target=\"_blank\" rel=\"noreferrer noopener\"><img loading=\"lazy\" decoding=\"async\" width=\"1000\" height=\"563\" src=\"https:\/\/www.2dogs1hat.de\/band\/wp-content\/uploads\/sites\/3\/2023-03-01-yt-2d1h-live-stream-1000x563.jpg\" alt=\"2d1h-live-stream\" class=\"wp-image-731\" srcset=\"https:\/\/www.2dogs1hat.de\/band\/wp-content\/uploads\/sites\/3\/2023-03-01-yt-2d1h-live-stream-1000x563.jpg 1000w, https:\/\/www.2dogs1hat.de\/band\/wp-content\/uploads\/sites\/3\/2023-03-01-yt-2d1h-live-stream-300x169.jpg 300w, https:\/\/www.2dogs1hat.de\/band\/wp-content\/uploads\/sites\/3\/2023-03-01-yt-2d1h-live-stream-768x432.jpg 768w, https:\/\/www.2dogs1hat.de\/band\/wp-content\/uploads\/sites\/3\/2023-03-01-yt-2d1h-live-stream.jpg 1280w\" sizes=\"auto, (max-width: 767px) 89vw, (max-width: 1000px) 54vw, (max-width: 1071px) 543px, 580px\" \/><\/a><\/figure>\n<p><!-- \/wp:image --><\/p>\n<p><!-- wp:heading {\"textAlign\":\"center\",\"align\":\"center\"} --><\/p>\n<h2 class=\"has-text-align-center\">YouTube<\/h2>\n<p><!-- \/wp:heading --><\/p>\n<p><!-- wp:paragraph {\"align\":\"center\"} --><\/p>\n<p class=\"has-text-align-center\">Hallo Freunde, wir wollen am 13.02.2022 um 20 Uhr ein Konzert von uns via <a href=\"https:\/\/www.youtube.com\/embed\/KhwC4JnxXPs\" target=\"_blank\" rel=\"noopener\">YouTube<\/a> live streamen und laden EUCH herzlich dazu ein. Schnapp euch ein Bierchen und lasst uns zusammen den Sonntagabend genie\u00dfen. Wir freuen uns schon sehr darauf mal wieder vor Publikum in die Saiten hauen zu k\u00f6nnen.<\/p>\n<p><!-- \/wp:paragraph --><\/p>\n<p><!-- wp:paragraph {\"align\":\"center\"} --><\/p>\n<p class=\"has-text-align-center\">Link: <a href=\"https:\/\/www.youtube-nocookie.com\/embed\/KhwC4JnxXPs\" target=\"_blank\" rel=\"noopener\">https:\/\/www.youtube-nocookie.com\/embed\/lNccg-J8UkE<\/a><\/p>\n<p><!-- \/wp:paragraph --><\/p>\n<p><!-- wp:heading {\"textAlign\":\"center\",\"align\":\"center\"} --><\/p>\n<h2 class=\"has-text-align-center\">Schenkungen<\/h2>\n<p><!-- \/wp:heading --><\/p>\n<p><!-- wp:paragraph {\"align\":\"center\"} --><\/p>\n<p class=\"has-text-align-center\">Wer uns daf\u00fcr ein paar M\u00fcnzen als Schenkung in den Hut werfen m\u00f6chte kann dies gerne \u00fcber <a href=\"https:\/\/www.paypal.com\/paypalme\/KarstenSimon\" target=\"_blank\" rel=\"noopener\">Paypal.me<\/a> tun:&nbsp; <a href=\"https:\/\/paypal.me\/KarstenSimon\" target=\"_blank\" rel=\"noopener\">https:\/\/www.paypal.com\/paypalme\/KarstenSimon<\/a><\/p>\n<p><!-- \/wp:paragraph --><\/p>\n<br \/>\n<p><!-- wp:image {\"align\":\"center\",\"id\":726,\"sizeSlug\":\"large\",\"linkDestination\":\"custom\"} --><\/p>\n<figure class=\"wp-block-image aligncenter size-large\"><a href=\"https:\/\/youtu.be\/vgztLJoT3Gg\" target=\"_blank\" rel=\"noreferrer noopener\"><img loading=\"lazy\" decoding=\"async\" width=\"1000\" height=\"563\" src=\"https:\/\/www.2dogs1hat.de\/band\/wp-content\/uploads\/sites\/3\/2023-03-01-yt-2d1h-promo-1000x563.jpg\" alt=\"2d1h-promo\" class=\"wp-image-726\" srcset=\"https:\/\/www.2dogs1hat.de\/band\/wp-content\/uploads\/sites\/3\/2023-03-01-yt-2d1h-promo-1000x563.jpg 1000w, https:\/\/www.2dogs1hat.de\/band\/wp-content\/uploads\/sites\/3\/2023-03-01-yt-2d1h-promo-300x169.jpg 300w, https:\/\/www.2dogs1hat.de\/band\/wp-content\/uploads\/sites\/3\/2023-03-01-yt-2d1h-promo-768x432.jpg 768w, https:\/\/www.2dogs1hat.de\/band\/wp-content\/uploads\/sites\/3\/2023-03-01-yt-2d1h-promo.jpg 1280w\" sizes=\"auto, (max-width: 767px) 89vw, (max-width: 1000px) 54vw, (max-width: 1071px) 543px, 580px\" \/><\/a><\/figure>\n<p><!-- \/wp:image --><\/p>\n<\/p>\n","protected":false},"excerpt":{"rendered":"","protected":false},"author":2,"featured_media":0,"parent":0,"menu_order":0,"comment_status":"closed","ping_status":"closed","template":"","meta":{"footnotes":""},"class_list":["post-15","page","type-page","status-publish","hentry"],"jetpack_sharing_enabled":true,"_links":{"self":[{"href":"https:\/\/www.2dogs1hat.de\/band\/wp-json\/wp\/v2\/pages\/15","targetHints":{"allow":["GET"]}}],"collection":[{"href":"https:\/\/www.2dogs1hat.de\/band\/wp-json\/wp\/v2\/pages"}],"about":[{"href":"https:\/\/www.2dogs1hat.de\/band\/wp-json\/wp\/v2\/types\/page"}],"author":[{"embeddable":true,"href":"https:\/\/www.2dogs1hat.de\/band\/wp-json\/wp\/v2\/users\/2"}],"replies":[{"embeddable":true,"href":"https:\/\/www.2dogs1hat.de\/band\/wp-json\/wp\/v2\/comments?post=15"}],"version-history":[{"count":2,"href":"https:\/\/www.2dogs1hat.de\/band\/wp-json\/wp\/v2\/pages\/15\/revisions"}],"predecessor-version":[{"id":677,"href":"https:\/\/www.2dogs1hat.de\/band\/wp-json\/wp\/v2\/pages\/15\/revisions\/677"}],"wp:attachment":[{"href":"https:\/\/www.2dogs1hat.de\/band\/wp-json\/wp\/v2\/media?parent=15"}],"curies":[{"name":"wp","href":"https:\/\/api.w.org\/{rel}","templated":true}]}}