{"id":2505,"date":"2018-03-15T22:20:49","date_gmt":"2018-03-15T21:20:49","guid":{"rendered":"https:\/\/www.2dogs1hat.de\/podcast\/?page_id=2505"},"modified":"2018-03-16T11:17:18","modified_gmt":"2018-03-16T10:17:18","slug":"neuste-episode","status":"publish","type":"page","link":"https:\/\/www.2dogs1hat.de\/podcast\/","title":{"rendered":"Neuste Episode"},"content":{"rendered":"<p style=\"text-align: center;\">\n<h1 style=\"text-align: center;\"> <a href=\"https:\/\/www.2dogs1hat.de\/podcast\/2d1h-069-barrierefreiheit\/\">2D1H - 069 - Barrierefreiheit<\/a> <\/h1>\n\n<h2 style=\"text-align: center;\"><strong>Barrierefreiheit auf Konzerten und Festival <\/strong><\/h2>\n<table style=\"border-width: 0px;\">\n    <tbody style=\"border-width: 0px;\">\n        <tr>\n            <td style=\"border-width: 0px; vertical-align:top; text-align: center;\">\n            <div class=\"pplayer\"> Immer mehr Veranstalter von Festivals und Konzerten denken Vorbildlich an die Barrierefreiheit. Was f\u00fcr Ma\u00dfnahmen werden in der Regel umgesetzt? Welche w\u00e4ren noch w\u00fcnschenswert? Welche Festivals sind ganz vorne mit dabei? Unsere G\u00e4ste Jessica und Marcus Klier berichten davon. <\/div> <\/br>\n            <\/br>\n            <\/td>\n        <\/tr>\n    <\/tbody>\n<\/table>\n\n\n        \n                 <div class=\"pplayer\"> \n            <div class=\"podlove-web-player intrinsic-ignore podlove-web-player-loading\" id=\"player-69f251487cc95\"><root data-test=\"player--xl\" style=\"max-width:950px;min-width:260px;\">\n  <div class=\"tablet:px-6 tablet:pt-6 mobile:px-4 mobile:pt-4 flex flex-col\">\n    <div class=\"flex-col items-center mobile:flex tablet:hidden\">\n      <show-title class=\"text-sm\"><\/show-title>\n      <episode-title class=\"text-base mb-2\"><\/episode-title>\n      <subscribe-button class=\"mb-4 mobile:flex tablet:hidden\"><\/subscribe-button>\n      <poster class=\"rounded-sm w-48 shadow overflow-hidden\"><\/poster>\n      <divider class=\"w-full my-6\"><\/divider>\n    <\/div>\n\n    <div class=\"tablet:flex flex-grow\">\n      <div class=\"w-64 mobile:hidden tablet:block tablet:mr-6\">\n        <poster class=\"rounded-sm shadow overflow-hidden\"><\/poster>\n      <\/div>\n      <div class=\"w-full\">\n        <div class=\"hidden tablet:block\">\n          <show-title class=\"text-base\"><\/show-title>\n          <episode-title class=\"text-xl desktop:text-2xl\"><\/episode-title>\n          <divider class=\"w-full my-4\"><\/divider>\n        <\/div>\n        <div class=\"flex items-center justify-between\">\n          <div class=\"block\">\n            <play-state on=\"active\">\n              <speed-control class=\"flex items-center\"><\/speed-control>\n            <\/play-state>\n          <\/div>\n\n          <div class=\"flex\">\n            <play-state on=\"active\">\n              <chapter-previous class=\"mx-2 block\"><\/chapter-previous>\n            <\/play-state>\n            <play-state on=\"active\">\n              <step-backward class=\"mx-2 block\"><\/step-backward>\n            <\/play-state>\n\n            <play-button class=\"mx-2 block\" :label=\"$t('PLAYER.PLAY_EPISODE')\"><\/play-button>\n\n            <play-state on=\"active\">\n              <step-forward class=\"mx-2 block\"><\/step-forward>\n            <\/play-state>\n            <play-state on=\"active\">\n              <chapter-next class=\"mx-2 block\"><\/chapter-next>\n            <\/play-state>\n          <\/div>\n\n          <div class=\"block\">\n            <play-state on=\"active\">\n              <volume-control class=\"flex items-center\"><\/volume-control>\n            <\/play-state>\n          <\/div>\n        <\/div>\n        <div class=\"flex w-full\">\n          <progress-bar><\/progress-bar>\n        <\/div>\n        <div class=\"flex w-full -mt-2\">\n          <div class=\"w-3\/12 text-left\">\n            <timer-current class=\"text-sm\"><\/timer-current>\n          <\/div>\n          <div class=\"w-6\/12 text-center truncate\">\n            <play-state on=\"active\">\n              <current-chapter class=\"text-sm\"><\/current-chapter>\n            <\/play-state>\n          <\/div>\n          <div class=\"w-3\/12 text-right\">\n            <timer-duration class=\"text-sm\"><\/timer-duration>\n          <\/div>\n        <\/div>\n      <\/div>\n    <\/div>\n    <divider class=\"w-full mt-6 mb-3\"><\/divider>\n    <div class=\"flex justify-between\">\n      <div class=\"flex mobile:w-full tablet:w-3\/12 desktop:w-3\/12 justify-between\">\n        <tab-trigger tab=\"chapters\">\n          <icon type=\"chapter\"><\/icon>\n        <\/tab-trigger>\n        <tab-trigger tab=\"transcripts\">\n          <icon type=\"transcripts\"><\/icon>\n        <\/tab-trigger>\n        <tab-trigger tab=\"files\">\n          <icon type=\"download\"><\/icon>\n        <\/tab-trigger>\n        <tab-trigger tab=\"playlist\">\n          <icon type=\"playlist\"><\/icon>\n        <\/tab-trigger>\n        <tab-trigger tab=\"share\">\n          <icon type=\"share\"><\/icon>\n        <\/tab-trigger>\n      <\/div>\n      <subscribe-button class=\"mt-1 mobile:hidden tablet:flex\"><\/subscribe-button>\n    <\/div>\n  <\/div>\n  <div class=\"w-full relative overflow-hidden\">\n    <tab name=\"chapters\">\n      <tab-chapters><\/tab-chapters>\n    <\/tab>\n    <tab name=\"transcripts\">\n      <tab-transcripts><\/tab-transcripts>\n    <\/tab>\n    <tab name=\"files\">\n      <tab-files><\/tab-files>\n    <\/tab>\n    <tab name=\"playlist\">\n      <tab-playlist><\/tab-playlist>\n    <\/tab>\n    <tab name=\"share\">\n      <tab-share><\/tab-share>\n    <\/tab>\n    <tab-overflow><\/tab-overflow>\n  <\/div>\n  <error><\/error>\n<\/root>\n<\/div>\n            <script>\n              document.addEventListener(\"DOMContentLoaded\", function() {\n                var player = document.getElementById(\"player-69f251487cc95\");\n                podlovePlayerCache.add([{\"url\":\"https:\\\/\\\/www.2dogs1hat.de\\\/podcast\\\/wp-json\\\/podlove-web-player\\\/shortcode\\\/publisher\\\/2805\",\"data\":{\"version\":5,\"show\":{\"title\":\"2Dogs1Hat\",\"subtitle\":\"Musikproduktion, Audio & Gear\",\"summary\":\"2Dogs1Hat ist ein #Podcast bei dem sich alles um Musik, Musikproduktion und Audiogadgets dreht. Oft werden dabei G\\u00e4ste f\\u00fcr Interviews zu bestimmten Themen eingeladen.\",\"poster\":\"https:\\\/\\\/www.2dogs1hat.de\\\/podcast\\\/wp-content\\\/cache\\\/podlove\\\/30\\\/0b7ff7f784714a3ce166490320b5a8\\\/2dogs1hat_500x.jpg\",\"link\":\"https:\\\/\\\/www.2dogs1hat.de\\\/podcast\\\/podcast\"},\"title\":\"2D1H-069-Barrierefreiheit\",\"subtitle\":\"Barrierefreiheit auf Konzerten und Festival\",\"summary\":\"Immer mehr Veranstalter von Festivals und Konzerten denken Vorbildlich an die Barrierefreiheit. Was f\\u00fcr Ma\\u00dfnahmen werden in der Regel umgesetzt? Welche w\\u00e4ren noch w\\u00fcnschenswert? Welche Festivals sind ganz vorne mit dabei? Unsere G\\u00e4ste Jessica und Marcus Klier berichten davon.\",\"publicationDate\":\"2021-02-13T22:55:08+01:00\",\"duration\":\"01:50:21.000\",\"poster\":\"https:\\\/\\\/www.2dogs1hat.de\\\/podcast\\\/wp-content\\\/cache\\\/podlove\\\/8a\\\/2de2460f4f5fb4461e311b494f0e1b\\\/barrierefreiheit_500x.jpg\",\"link\":\"https:\\\/\\\/www.2dogs1hat.de\\\/podcast\\\/2d1h-069-barrierefreiheit\\\/\",\"chapters\":[{\"start\":\"00:00:00.000\",\"title\":\"Intro, Begr\\u00fc\\u00dfung\",\"href\":\"\",\"image\":\"\"},{\"start\":\"00:01:14.000\",\"title\":\"G\\u00e4ste vorstellen\",\"href\":\"\",\"image\":\"\"},{\"start\":\"00:05:23.000\",\"title\":\"Vorstellungsrunde\",\"href\":\"\",\"image\":\"\"},{\"start\":\"00:10:57.000\",\"title\":\"Barrierefreiheit\",\"href\":\"\",\"image\":\"\"},{\"start\":\"00:18:15.000\",\"title\":\"Harte Zahlen & Fakten\",\"href\":\"\",\"image\":\"\"},{\"start\":\"00:28:52.000\",\"title\":\"Auflagen\",\"href\":\"\",\"image\":\"\"},{\"start\":\"00:36:43.000\",\"title\":\"R\\u00fccksicht\",\"href\":\"\",\"image\":\"\"},{\"start\":\"00:42:47.000\",\"title\":\"Geistige \\\/ Seelische Beeintr\\u00e4chtigungen\",\"href\":\"\",\"image\":\"\"},{\"start\":\"00:49:16.000\",\"title\":\"Anekdoten\",\"href\":\"\",\"image\":\"\"},{\"start\":\"01:06:06.000\",\"title\":\"Visuelle Beeintr\\u00e4chtigung\",\"href\":\"\",\"image\":\"\"},{\"start\":\"01:10:49.000\",\"title\":\"Was kann noch verbessert werden?\",\"href\":\"\",\"image\":\"\"},{\"start\":\"01:27:24.000\",\"title\":\"Normen und Richtlinien\",\"href\":\"\",\"image\":\"\"},{\"start\":\"01:35:18.000\",\"title\":\"Hausmeisterei\",\"href\":\"\",\"image\":\"\"},{\"start\":\"01:40:20.000\",\"title\":\"Corona \\\/ SARS-CoV-2\",\"href\":\"\",\"image\":\"\"},{\"start\":\"01:47:36.000\",\"title\":\"Abschied und Outro\",\"href\":\"\",\"image\":\"\"}],\"audio\":[{\"url\":\"https:\\\/\\\/www.2dogs1hat.de\\\/podcast\\\/podlove\\\/file\\\/2278\\\/s\\\/webplayer\\\/c\\\/website\\\/2d1h-069-Barrierefreiheit.m4a\",\"size\":\"266474729\",\"title\":\"MPEG-4 AAC Audio (m4a)\",\"mimeType\":\"audio\\\/mp4\"},{\"url\":\"https:\\\/\\\/www.2dogs1hat.de\\\/podcast\\\/podlove\\\/file\\\/2277\\\/s\\\/webplayer\\\/c\\\/website\\\/2d1h-069-Barrierefreiheit.mp3\",\"size\":\"266542238\",\"title\":\"MP3 Audio (mp3)\",\"mimeType\":\"audio\\\/mpeg\"}],\"files\":[{\"url\":\"https:\\\/\\\/www.2dogs1hat.de\\\/podcast\\\/podlove\\\/file\\\/2277\\\/s\\\/webplayer\\\/2d1h-069-Barrierefreiheit.mp3\",\"size\":\"266542238\",\"title\":\"MP3 Audio\",\"mimeType\":\"audio\\\/mpeg\"},{\"url\":\"https:\\\/\\\/www.2dogs1hat.de\\\/podcast\\\/podlove\\\/file\\\/2278\\\/s\\\/webplayer\\\/2d1h-069-Barrierefreiheit.m4a\",\"size\":\"266474729\",\"title\":\"MPEG-4 AAC Audio\",\"mimeType\":\"audio\\\/mp4\"}],\"contributors\":[{\"id\":\"2\",\"name\":\"Martin Simon\",\"avatar\":\"https:\\\/\\\/www.2dogs1hat.de\\\/podcast\\\/wp-content\\\/cache\\\/podlove\\\/60\\\/dcae790adfc4eb6a465031855b312d\\\/martin-simon_150x150.png\",\"role\":{\"id\":\"9\",\"slug\":\"moderation_shownotes\",\"title\":\"moderation & shownotes\"},\"group\":{\"id\":\"2\",\"slug\":\"on_air\",\"title\":\"on air\"},\"comment\":null},{\"id\":\"1\",\"name\":\"Karsten Simon\",\"avatar\":\"https:\\\/\\\/www.2dogs1hat.de\\\/podcast\\\/wp-content\\\/cache\\\/podlove\\\/52\\\/297d459ff158096f8ab04b6f93c017\\\/karsten-simon_150x150.png\",\"role\":{\"id\":\"10\",\"slug\":\"moderation_cut_mix\",\"title\":\"moderation, cut & mix\"},\"group\":{\"id\":\"2\",\"slug\":\"on_air\",\"title\":\"on air\"},\"comment\":null},{\"id\":\"75\",\"name\":\"Jessica Klier\",\"avatar\":\"https:\\\/\\\/www.2dogs1hat.de\\\/podcast\\\/wp-content\\\/cache\\\/podlove\\\/43\\\/dfa3dc288cf37fc28aee22c1542897\\\/jessica-klier_150x150.jpg\",\"role\":{\"id\":\"6\",\"slug\":\"special_guest\",\"title\":\"special guest\"},\"group\":{\"id\":\"2\",\"slug\":\"on_air\",\"title\":\"on air\"},\"comment\":null},{\"id\":\"76\",\"name\":\"Marcus Klier\",\"avatar\":\"https:\\\/\\\/www.2dogs1hat.de\\\/podcast\\\/wp-content\\\/cache\\\/podlove\\\/b5\\\/fd4d4af2969785436296825c296773\\\/marcus-klier_150x150.jpg\",\"role\":{\"id\":\"6\",\"slug\":\"special_guest\",\"title\":\"special guest\"},\"group\":{\"id\":\"2\",\"slug\":\"on_air\",\"title\":\"on air\"},\"comment\":null}]}}, {\"url\":\"https:\\\/\\\/www.2dogs1hat.de\\\/podcast\\\/wp-json\\\/podlove-web-player\\\/shortcode\\\/config\\\/orange\\\/theme\\\/orange\",\"data\":{\"activeTab\":\"chapters\",\"subscribe-button\":null,\"share\":{\"channels\":[\"facebook\",\"twitter\",\"whats-app\",\"linkedin\",\"pinterest\",\"xing\",\"mail\",\"link\"],\"outlet\":\"https:\\\/\\\/www.2dogs1hat.de\\\/podcast\\\/wp-content\\\/plugins\\\/podlove-web-player\\\/web-player\\\/share.html\",\"sharePlaytime\":true},\"related-episodes\":{\"source\":\"disabled\",\"value\":null},\"version\":5,\"theme\":{\"tokens\":{\"brand\":\"#EE7600\",\"brandDark\":\"#EE7600\",\"brandDarkest\":\"#000\",\"brandLightest\":\"#fff\",\"shadeDark\":\"#807E7C\",\"shadeBase\":\"#807E7C\",\"contrast\":\"#000\",\"alt\":\"#fff\"},\"fonts\":{\"ci\":{\"name\":\"ci\",\"family\":[\"-apple-system\",\"BlinkMacSystemFont\",\"Segoe UI\",\"Roboto\",\"Helvetica\",\"Arial\",\"sans-serif\",\"Apple Color Emoji\",\"Segoe UI Emoji\\\", \\\"Segoe UI Symbol\"],\"src\":[],\"weight\":800},\"regular\":{\"name\":\"regular\",\"family\":[\"-apple-system\",\"BlinkMacSystemFont\",\"Segoe UI\",\"Roboto\",\"Helvetica\",\"Arial\",\"sans-serif\",\"Apple Color Emoji\",\"Segoe UI Emoji\\\", \\\"Segoe UI Symbol\"],\"src\":[],\"weight\":300},\"bold\":{\"name\":\"bold\",\"family\":[\"-apple-system\",\"BlinkMacSystemFont\",\"Segoe UI\",\"Roboto\",\"Helvetica\",\"Arial\",\"sans-serif\",\"Apple Color Emoji\",\"Segoe UI Emoji\\\", \\\"Segoe UI Symbol\"],\"src\":[],\"weight\":700}}},\"base\":\"https:\\\/\\\/www.2dogs1hat.de\\\/podcast\\\/wp-content\\\/plugins\\\/podlove-web-player\\\/web-player\\\/\"}}]);\n                podlovePlayer(player, \"https:\/\/www.2dogs1hat.de\/podcast\/wp-json\/podlove-web-player\/shortcode\/publisher\/2805\", \"https:\/\/www.2dogs1hat.de\/podcast\/wp-json\/podlove-web-player\/shortcode\/config\/orange\/theme\/orange\").then(function() {\n                  player && player.classList.remove(\"podlove-web-player-loading\");\n                });\n              });\n            <\/script>\n            <style>\n              .podlove-web-player.podlove-web-player-loading {\n                opacity: 0;\n              }\n            <\/style>\n        <\/div>\n        \n\n        <h2 style=\"text-align: center;\"> <strong> Weitere Episoden: <a href=\"https:\/\/www.2dogs1hat.de\/podcast\/archiv\/episoden\/\" target=\"_blank\">LINK<\/a><\/strong><\/h2><\/p>\n","protected":false},"excerpt":{"rendered":"","protected":false},"author":2,"featured_media":1639,"parent":0,"menu_order":0,"comment_status":"closed","ping_status":"closed","template":"","meta":{"footnotes":""},"class_list":["post-2505","page","type-page","status-publish","has-post-thumbnail","hentry"],"jetpack_sharing_enabled":true,"_links":{"self":[{"href":"https:\/\/www.2dogs1hat.de\/podcast\/wp-json\/wp\/v2\/pages\/2505","targetHints":{"allow":["GET"]}}],"collection":[{"href":"https:\/\/www.2dogs1hat.de\/podcast\/wp-json\/wp\/v2\/pages"}],"about":[{"href":"https:\/\/www.2dogs1hat.de\/podcast\/wp-json\/wp\/v2\/types\/page"}],"author":[{"embeddable":true,"href":"https:\/\/www.2dogs1hat.de\/podcast\/wp-json\/wp\/v2\/users\/2"}],"replies":[{"embeddable":true,"href":"https:\/\/www.2dogs1hat.de\/podcast\/wp-json\/wp\/v2\/comments?post=2505"}],"version-history":[{"count":1,"href":"https:\/\/www.2dogs1hat.de\/podcast\/wp-json\/wp\/v2\/pages\/2505\/revisions"}],"predecessor-version":[{"id":2509,"href":"https:\/\/www.2dogs1hat.de\/podcast\/wp-json\/wp\/v2\/pages\/2505\/revisions\/2509"}],"wp:featuredmedia":[{"embeddable":true,"href":"https:\/\/www.2dogs1hat.de\/podcast\/wp-json\/wp\/v2\/media\/1639"}],"wp:attachment":[{"href":"https:\/\/www.2dogs1hat.de\/podcast\/wp-json\/wp\/v2\/media?parent=2505"}],"curies":[{"name":"wp","href":"https:\/\/api.w.org\/{rel}","templated":true}]}}