{"id":982,"date":"2016-01-07T09:37:15","date_gmt":"2016-01-07T09:37:15","guid":{"rendered":"https:\/\/2dogs1hat.de\/?page_id=982"},"modified":"2018-05-22T11:05:24","modified_gmt":"2018-05-22T10:05:24","slug":"feeds","status":"publish","type":"page","link":"https:\/\/www.2dogs1hat.de\/podcast\/feeds\/","title":{"rendered":"Abonnieren"},"content":{"rendered":"<div class=\"parchive\"><span style=\"display: inline-block; width: 0px; overflow: hidden; line-height: 0;\" data-mce-type=\"bookmark\" class=\"mce_SELRES_start\">\ufeff<\/span><\/p>\n<h2 style=\"font-size: 24px; text-align: center;\"><strong>Podcast abonnieren mit dem<br \/>\nPodlove Subscribe Button<\/strong><\/h2>\n<p style=\"text-align: center;\">In den meisten F\u00e4llen sollte Euch der Podlove Subscribe Button weiterhelfen. Er schl\u00e4gt Euch automatisch Podcast Clients vor, die dann direkt gestartet werden.<\/p>\n<p style=\"text-align: center;\">\n<script>window.podcastData715bbf154a344e = {\"title\":\"2Dogs1Hat\",\"subtitle\":\"Musikproduktion, Audio &amp; Gear\",\"description\":\"2Dogs1Hat ist ein #Podcast bei dem sich alles um Musik, Musikproduktion und Audiogadgets dreht. Oft werden dabei G\\u00e4ste f\\u00fcr Interviews zu bestimmten Themen eingeladen.\",\"cover\":\"https:\\\/\\\/www.2dogs1hat.de\\\/podcast\\\/wp-content\\\/cache\\\/podlove\\\/30\\\/0b7ff7f784714a3ce166490320b5a8\\\/2dogs1hat_400x.jpg\",\"feeds\":[{\"type\":\"audio\",\"format\":\"aac\",\"url\":\"https:\\\/\\\/www.2dogs1hat.de\\\/podcast\\\/feed\\\/m4a\\\/\",\"variant\":\"high\",\"directory-url-itunes\":\"https:\\\/\\\/podcasts.apple.com\\\/podcast\\\/id986480540\"},{\"type\":\"audio\",\"format\":\"mp3\",\"url\":\"https:\\\/\\\/www.2dogs1hat.de\\\/podcast\\\/feed\\\/mp3\\\/\",\"variant\":\"high\"}]};<\/script>\n<script class=\"podlove-subscribe-button\" src=\"https:\/\/www.2dogs1hat.de\/podcast\/wp-content\/plugins\/podlove-podcasting-plugin-for-wordpress\/lib\/modules\/subscribe_button\/dist\/javascripts\/app.js\" data-json-data=\"podcastData715bbf154a344e\" data-language=\"de\" data-size=\"big\" data-format=\"rectangle\" data-style=\"outline\" data-color=\"#EE7600\"> <\/script>\n<\/p>\n<p style=\"text-align: center;\">Sollte das noch nicht geholfen haben, gibt es im folgenden noch weitere Optionen.<\/p>\n<h2 style=\"font-size: 24px; text-align: center;\"><strong>Abonnieren mit iTunes<\/strong><\/h2>\n<p style=\"text-align: center;\"><a title=\"undefined\" href=\"https:\/\/www.2dogs1hat.de\" target=\"\">2Dogs1Hat<\/a> ist nat\u00fcrlich im<a href=\"https:\/\/itunes.apple.com\/us\/podcast\/2dogs1hat\/id986480540\/\" target=\"_blank\" rel=\"noopener\"><strong> iTunes<\/strong><\/a> Podcast Directory (ein Bereich des Apple iTunes Stores) vertreten und wenn Ihr iTunes verwendet, d\u00fcrfte dies f\u00fcr Euch der leichteste Weg sein:<\/p>\n<p style=\"text-align: center;\"><a href=\"https:\/\/itunes.apple.com\/us\/podcast\/2dogs1hat\/id986480540?mt=2\" rel=\"attachment wp-att-1262\"><img loading=\"lazy\" decoding=\"async\" class=\"size-full wp-image-1262 aligncenter\" src=\"https:\/\/2dogs1hat.de\/wp-content\/uploads\/Subscribe_German.png\" alt=\"Abonnieren\" width=\"110\" height=\"40\" \/><\/a><\/p>\n<p style=\"text-align: center;\">Dort k\u00f6nnt ihr auch eine <strong>Bewertung<\/strong> und einen <strong>Kommentar<\/strong> hinterlassen, wenn ihr m\u00f6chtet.<\/p>\n<h2 style=\"font-size: 24px; text-align: center;\"><strong>Abonnieren mit anderen<br \/>\nPodcast Clients<\/strong><\/h2>\n<p style=\"text-align: center;\">Andere Podcast Clients haben entweder ein eigenes Verzeichnis bzw. eine Suchfunktion \u00fcber die sich <a title=\"undefined\" href=\"https:\/\/www.2dogs1hat.de\" target=\"\">2Dogs1Hat<\/a> finden lassen sollte. Alternativ einfach die URL des Podcast Feeds eintragen. Das ist dann diese hier: <a href=\"https:\/\/www.2dogs1hat.de\/podcast\/feed\/m4a\/\" target=\"_blank\" rel=\"noopener\">https:\/\/www.2dogs1hat.de\/podcast\/feed\/m4a\/<\/a> (M4A 128 kbps)<\/p>\n<p style=\"text-align: center;\">Diese URL m\u00fcsst ihr ggf. kopieren und Eurem Podcast-Client zu fressen geben. Ihr k\u00f6nnt sie auch einfach im Browser anklicken und Euch f\u00fcr bestimmte Programme und Portale passende Abo-Links heraussuchen.<\/p>\n<h2 style=\"font-size: 24px; text-align: center;\"><strong>Alternativer Feed<\/strong><\/h2>\n<p style=\"text-align: center;\">Wer Player ohne M4A (AAC)\u00a0Unterst\u00fctzung einsetzt, kann auch den <strong>MP3-Feed<\/strong> abonnieren: <a href=\"https:\/\/www.2dogs1hat.de\/podcast\/feed\/mp3\/\" target=\"_blank\" rel=\"noopener\">https:\/\/www.2dogs1hat.de\/podcast\/feed\/mp3\/<\/a> (MP3 128 kbps)<\/p>\n<h2 style=\"font-size: 24px; text-align: center;\"><strong>YouTube<\/strong><\/h2>\n<p style=\"text-align: center;\">Wer lieber auf <a href=\"https:\/\/www.youtube.com\/channel\/UCc-US5ly12G3CceImyBDHIw\" target=\"_blank\" rel=\"noopener\"><strong>YouTube<\/strong><\/a> unterwegs ist, kann unsere <a href=\"https:\/\/www.youtube.com\/playlist?list=PLdfg9tDBb1bKzIy3lNaJvnn9lHfsHteJZ\" target=\"_blank\" rel=\"noopener\">Playlist<\/a> auch dort abonnieren und h\u00f6ren.<\/p>\n<p style=\"text-align: center;\"><a href=\"https:\/\/www.youtube.com\/channel\/UCc-US5ly12G3CceImyBDHIw\" rel=\"attachment wp-att-1284\"><img loading=\"lazy\" decoding=\"async\" class=\"aligncenter wp-image-1284 size-full\" src=\"https:\/\/2dogs1hat.de\/wp-content\/uploads\/youtube.png\" alt=\"youtube\" width=\"110\" height=\"45\" \/><\/a><\/p>\n<h2 style=\"font-size: 24px; text-align: center;\"><strong>Podcatcher Apps<\/strong><\/h2>\n<p style=\"text-align: center;\">Diese <a href=\"https:\/\/itunes.apple.com\/de\/app\/podcasts\/id525463029?mt=8\">iOS<\/a>, <a href=\"https:\/\/play.google.com\/store\/search?q=podcast\" target=\"_blank\" rel=\"noopener\">Android<\/a> und <a href=\"https:\/\/www.microsoft.com\/en-us\/store\/p\/pocket-casts\/9nblggh3mqjh\" target=\"_blank\" rel=\"noopener\">Windows Phone Apps<\/a> zum Abonnieren und h\u00f6ren von Podcasts k\u00f6nnen wir aus eigener Erfahrung empfehlen:<\/p>\n<ul>\n<li style=\"text-align: center;\"><a href=\"http:\/\/www.shiftyjelly.com\/pocketcasts\" target=\"_blank\" rel=\"noopener\">Pocket Casts<\/a> (iOS, Android &amp; Windows Phone)<\/li>\n<li style=\"text-align: center;\"><a href=\"https:\/\/itunes.apple.com\/app\/id1083868334?mt=8&amp;ign-mpt=uo%3D4\" target=\"_blank\" rel=\"noopener\">Instacast Core<\/a> (iOS)<\/li>\n<li style=\"text-align: center;\"><a href=\"http:\/\/www.podc.at\/\" target=\"_blank\" rel=\"noopener\">Podcat<\/a> (iOS)<\/li>\n<li style=\"text-align: center;\"><a href=\"http:\/\/supertop.co\/castro\/\" target=\"_blank\" rel=\"noopener\">Castro<\/a> (iOS)<\/li>\n<li style=\"text-align: center;\"><a href=\"https:\/\/overcast.fm\/\" target=\"_blank\" rel=\"noopener\">Overcast<\/a> (iOS)<\/li>\n<li style=\"text-align: center;\"><a href=\"http:\/\/www.downcastapp.com\/\" target=\"_blank\" rel=\"noopener\">Downcast<\/a> (iOS)<\/li>\n<li style=\"text-align: center;\"><a href=\"http:\/\/www.beyondpod.mobi\/android\/index.htm\" target=\"_blank\" rel=\"noopener\">BeyondPod<\/a> (Android)<\/li>\n<li style=\"text-align: center;\"><a href=\"http:\/\/www.doggcatcher.com\/\" target=\"_blank\" rel=\"noopener\">DoggCatcher<\/a> (Android)<\/li>\n<\/ul>\n<\/div>\n","protected":false},"excerpt":{"rendered":"<p>\ufeff Podcast abonnieren mit dem Podlove Subscribe Button In den meisten F\u00e4llen sollte Euch der Podlove Subscribe Button weiterhelfen. Er schl\u00e4gt Euch automatisch Podcast Clients vor, die dann direkt gestartet werden. Sollte das noch nicht geholfen haben, gibt es im folgenden noch weitere Optionen. Abonnieren mit iTunes 2Dogs1Hat ist nat\u00fcrlich im iTunes Podcast Directory (ein &hellip; <\/p>\n<p class=\"link-more\"><a href=\"https:\/\/www.2dogs1hat.de\/podcast\/feeds\/\" class=\"more-link\"><span class=\"screen-reader-text\">\u201eAbonnieren\u201c <\/span>weiterlesen<\/a><\/p>\n","protected":false},"author":2,"featured_media":0,"parent":0,"menu_order":3,"comment_status":"closed","ping_status":"closed","template":"","meta":{"footnotes":""},"class_list":["post-982","page","type-page","status-publish","hentry"],"jetpack_sharing_enabled":true,"_links":{"self":[{"href":"https:\/\/www.2dogs1hat.de\/podcast\/wp-json\/wp\/v2\/pages\/982","targetHints":{"allow":["GET"]}}],"collection":[{"href":"https:\/\/www.2dogs1hat.de\/podcast\/wp-json\/wp\/v2\/pages"}],"about":[{"href":"https:\/\/www.2dogs1hat.de\/podcast\/wp-json\/wp\/v2\/types\/page"}],"author":[{"embeddable":true,"href":"https:\/\/www.2dogs1hat.de\/podcast\/wp-json\/wp\/v2\/users\/2"}],"replies":[{"embeddable":true,"href":"https:\/\/www.2dogs1hat.de\/podcast\/wp-json\/wp\/v2\/comments?post=982"}],"version-history":[{"count":3,"href":"https:\/\/www.2dogs1hat.de\/podcast\/wp-json\/wp\/v2\/pages\/982\/revisions"}],"predecessor-version":[{"id":2555,"href":"https:\/\/www.2dogs1hat.de\/podcast\/wp-json\/wp\/v2\/pages\/982\/revisions\/2555"}],"wp:attachment":[{"href":"https:\/\/www.2dogs1hat.de\/podcast\/wp-json\/wp\/v2\/media?parent=982"}],"curies":[{"name":"wp","href":"https:\/\/api.w.org\/{rel}","templated":true}]}}